{"id":45,"date":"2024-04-26T15:57:16","date_gmt":"2024-04-26T13:57:16","guid":{"rendered":"http:\/\/klarotec.ch\/?page_id=45"},"modified":"2024-05-08T12:05:48","modified_gmt":"2024-05-08T10:05:48","slug":"home","status":"publish","type":"page","link":"https:\/\/klarotec.ch\/","title":{"rendered":"Home"},"content":{"rendered":"\n<figure class=\"wp-block-image size-full logo_gross\"><img loading=\"lazy\" decoding=\"async\" width=\"1001\" height=\"311\" src=\"http:\/\/klarotec.ch\/wp-content\/uploads\/2024\/04\/klarotec_banner.png\" alt=\"\" class=\"wp-image-8\" srcset=\"https:\/\/klarotec.ch\/wp-content\/uploads\/2024\/04\/klarotec_banner.png 1001w, https:\/\/klarotec.ch\/wp-content\/uploads\/2024\/04\/klarotec_banner-300x93.png 300w, https:\/\/klarotec.ch\/wp-content\/uploads\/2024\/04\/klarotec_banner-768x239.png 768w\" sizes=\"auto, (max-width: 1001px) 100vw, 1001px\" \/><\/figure>\n\n\n\n<div class=\"wp-block-group inhalt\"><div class=\"wp-block-group__inner-container is-layout-constrained wp-block-group-is-layout-constrained\">\n<p>Wir hei\u00dfen Sie herzlich willkommen auf der Homepage der KLaRoTec GmbH aus Urn\u00e4sch in der Schweiz.<br>Hier finden Sie interessante und aufschlu\u00dfreiche Informationen \u00fcber das Unternehmen, unsere Dienstleistungen und L\u00f6sungen.<\/p>\n\n\n\n<hr class=\"wp-block-separator has-alpha-channel-opacity\"\/>\n\n\n\n<div class=\"wp-block-columns is-layout-flex wp-container-core-columns-is-layout-9d6595d7 wp-block-columns-is-layout-flex\">\n<div class=\"wp-block-column is-layout-flow wp-block-column-is-layout-flow\">\n<p><strong>KLaRoTec GmbH<\/strong><br>Gewerbehaus<br>Saien 958<br>9107 Urn\u00e4sch<\/p>\n<\/div>\n\n\n\n<div class=\"wp-block-column is-layout-flow wp-block-column-is-layout-flow\">\n<p><strong>Telefon:<\/strong><br>+41 (0)71 364 1936<\/p>\n\n\n\n<p><strong>Telefax:<\/strong><br>+41 (0)8607 1364 1936<\/p>\n<\/div>\n\n\n\n<div class=\"wp-block-column is-layout-flow wp-block-column-is-layout-flow\">\n<p><strong>eMail-Kontakte:<\/strong><br>info(at)klarotec.ch<\/p>\n<\/div>\n<\/div>\n\n\n\n<h2 class=\"wp-block-heading\">Leitbild<\/h2>\n\n\n\n<p>Geb\u00e4ude entstehen aus einer Vielzahl qualifizierter handwerklicher Leistungen. Sie in ihrer Substanz zu erhalten, kreativ und nach gesundheitlichen Ma\u00dfst\u00e4ben zu gestalten wie auch f\u00fcr neue Verwendungszwecke zu optimieren, erfordert ein hohes Ma\u00df an spezifischem Know-how.<\/p>\n\n\n\n<p>Wir stellen uns der Herausforderung. Fachlich qualifiziert und pers\u00f6nlich motiviert.<\/p>\n\n\n\n<figure class=\"wp-block-image size-full\"><img loading=\"lazy\" decoding=\"async\" width=\"601\" height=\"590\" src=\"http:\/\/klarotec.ch\/wp-content\/uploads\/2024\/04\/bild_home.png\" alt=\"\" class=\"wp-image-26\" srcset=\"https:\/\/klarotec.ch\/wp-content\/uploads\/2024\/04\/bild_home.png 601w, https:\/\/klarotec.ch\/wp-content\/uploads\/2024\/04\/bild_home-300x295.png 300w\" sizes=\"auto, (max-width: 601px) 100vw, 601px\" \/><\/figure>\n<\/div><\/div>\n","protected":false},"excerpt":{"rendered":"<p>Wir hei\u00dfen Sie herzlich willkommen auf der Homepage der KLaRoTec GmbH aus Urn\u00e4sch in der Schweiz.Hier finden Sie interessante und aufschlu\u00dfreiche Informationen \u00fcber das Unternehmen, unsere Dienstleistungen und L\u00f6sungen. KLaRoTec GmbHGewerbehausSaien 9589107 Urn\u00e4sch Telefon:+41 (0)71 364 1936 Telefax:+41 (0)8607 1364 1936 eMail-Kontakte:info(at)klarotec.ch Leitbild Geb\u00e4ude entstehen aus einer Vielzahl qualifizierter handwerklicher Leistungen. Sie in ihrer Substanz [&#8230;]\n","protected":false},"author":1,"featured_media":0,"parent":0,"menu_order":0,"comment_status":"closed","ping_status":"closed","template":"","meta":{"footnotes":""},"class_list":["post-45","page","type-page","status-publish","hentry"],"_links":{"self":[{"href":"https:\/\/klarotec.ch\/index.php\/wp-json\/wp\/v2\/pages\/45","targetHints":{"allow":["GET"]}}],"collection":[{"href":"https:\/\/klarotec.ch\/index.php\/wp-json\/wp\/v2\/pages"}],"about":[{"href":"https:\/\/klarotec.ch\/index.php\/wp-json\/wp\/v2\/types\/page"}],"author":[{"embeddable":true,"href":"https:\/\/klarotec.ch\/index.php\/wp-json\/wp\/v2\/users\/1"}],"replies":[{"embeddable":true,"href":"https:\/\/klarotec.ch\/index.php\/wp-json\/wp\/v2\/comments?post=45"}],"version-history":[{"count":8,"href":"https:\/\/klarotec.ch\/index.php\/wp-json\/wp\/v2\/pages\/45\/revisions"}],"predecessor-version":[{"id":94,"href":"https:\/\/klarotec.ch\/index.php\/wp-json\/wp\/v2\/pages\/45\/revisions\/94"}],"wp:attachment":[{"href":"https:\/\/klarotec.ch\/index.php\/wp-json\/wp\/v2\/media?parent=45"}],"curies":[{"name":"wp","href":"https:\/\/api.w.org\/{rel}","templated":true}]}}