{"id":102,"date":"2024-05-08T12:12:12","date_gmt":"2024-05-08T10:12:12","guid":{"rendered":"http:\/\/klarotec.ch\/?page_id=102"},"modified":"2024-05-08T12:24:28","modified_gmt":"2024-05-08T10:24:28","slug":"impressum","status":"publish","type":"page","link":"https:\/\/klarotec.ch\/index.php\/impressum\/","title":{"rendered":"Impressum"},"content":{"rendered":"\n<figure class=\"wp-block-image size-full logo_gross\"><img loading=\"lazy\" decoding=\"async\" width=\"1001\" height=\"311\" src=\"http:\/\/klarotec.ch\/wp-content\/uploads\/2024\/04\/klarotec_banner.png\" alt=\"\" class=\"wp-image-8\" srcset=\"https:\/\/klarotec.ch\/wp-content\/uploads\/2024\/04\/klarotec_banner.png 1001w, https:\/\/klarotec.ch\/wp-content\/uploads\/2024\/04\/klarotec_banner-300x93.png 300w, https:\/\/klarotec.ch\/wp-content\/uploads\/2024\/04\/klarotec_banner-768x239.png 768w\" sizes=\"auto, (max-width: 1001px) 100vw, 1001px\" \/><\/figure>\n\n\n\n<div class=\"wp-block-group inhalt\"><div class=\"wp-block-group__inner-container is-layout-constrained wp-block-group-is-layout-constrained\">\n<h2 class=\"wp-block-heading\">Impressum<\/h2>\n\n\n\n<p><strong>Postanschrift:<\/strong><br><br>KLaRoTec GmbH<br>Gewerbehaus<br>Saien 958<br>9107 Urn\u00e4sch<br><br><strong>Telefon:<\/strong> +41 (0) 71 364 1936<br><br><strong>Telefax:<\/strong> +41 (0) 8607 1364 1936<br><br><strong>Bankverbindung:<\/strong><br><br>UBS Bank Herisau<br>IBAN: 030025425411517301 Y<br>BIC: UBSWCHZH80<br><br><strong>UIC-CHE:<\/strong> 437.056.190 MWST<br><br><strong>Internet:<\/strong> www.klarotec.ch<br><br><strong>eMail:<\/strong> info@klarotec.ch<br><\/p>\n\n\n\n<h2 class=\"wp-block-heading\">Gesch\u00e4ftsleitung<\/h2>\n\n\n\n<p><strong>Inhaber und Vorsitzender der Gesch\u00e4ftsleitung<\/strong><br>Pr\u00e4sident der KLAROTEC GMBH<br>Klaus Georg Domeyer<br>+41 788 997 408<br>klaus.domeyer@klarotec.ch<br><br><\/p>\n\n\n\n<p><strong>Zugelassenes Sanierungsunternehmen lt. EKAS-Richtline 6503 &#8222;Asbest&#8220;<\/strong><br><br>Zulassungs-Nr. 915-3511.6<\/p>\n\n\n\n<figure class=\"wp-block-image size-full\"><img loading=\"lazy\" decoding=\"async\" width=\"601\" height=\"590\" src=\"http:\/\/klarotec.ch\/wp-content\/uploads\/2024\/04\/bild_home.png\" alt=\"\" class=\"wp-image-26\" srcset=\"https:\/\/klarotec.ch\/wp-content\/uploads\/2024\/04\/bild_home.png 601w, https:\/\/klarotec.ch\/wp-content\/uploads\/2024\/04\/bild_home-300x295.png 300w\" sizes=\"auto, (max-width: 601px) 100vw, 601px\" \/><\/figure>\n<\/div><\/div>\n","protected":false},"excerpt":{"rendered":"<p>Impressum Postanschrift: KLaRoTec GmbHGewerbehausSaien 9589107 Urn\u00e4sch Telefon: +41 (0) 71 364 1936 Telefax: +41 (0) 8607 1364 1936 Bankverbindung: UBS Bank HerisauIBAN: 030025425411517301 YBIC: UBSWCHZH80 UIC-CHE: 437.056.190 MWST Internet: www.klarotec.ch eMail: info@klarotec.ch Gesch\u00e4ftsleitung Inhaber und Vorsitzender der Gesch\u00e4ftsleitungPr\u00e4sident der KLAROTEC GMBHKlaus Georg Domeyer+41 788 997 408klaus.domeyer@klarotec.ch Zugelassenes Sanierungsunternehmen lt. EKAS-Richtline 6503 &#8222;Asbest&#8220; Zulassungs-Nr. 915-3511.6<\/p>\n","protected":false},"author":1,"featured_media":0,"parent":0,"menu_order":0,"comment_status":"closed","ping_status":"closed","template":"","meta":{"footnotes":""},"class_list":["post-102","page","type-page","status-publish","hentry"],"_links":{"self":[{"href":"https:\/\/klarotec.ch\/index.php\/wp-json\/wp\/v2\/pages\/102","targetHints":{"allow":["GET"]}}],"collection":[{"href":"https:\/\/klarotec.ch\/index.php\/wp-json\/wp\/v2\/pages"}],"about":[{"href":"https:\/\/klarotec.ch\/index.php\/wp-json\/wp\/v2\/types\/page"}],"author":[{"embeddable":true,"href":"https:\/\/klarotec.ch\/index.php\/wp-json\/wp\/v2\/users\/1"}],"replies":[{"embeddable":true,"href":"https:\/\/klarotec.ch\/index.php\/wp-json\/wp\/v2\/comments?post=102"}],"version-history":[{"count":2,"href":"https:\/\/klarotec.ch\/index.php\/wp-json\/wp\/v2\/pages\/102\/revisions"}],"predecessor-version":[{"id":124,"href":"https:\/\/klarotec.ch\/index.php\/wp-json\/wp\/v2\/pages\/102\/revisions\/124"}],"wp:attachment":[{"href":"https:\/\/klarotec.ch\/index.php\/wp-json\/wp\/v2\/media?parent=102"}],"curies":[{"name":"wp","href":"https:\/\/api.w.org\/{rel}","templated":true}]}}