{"id":104,"date":"2024-05-08T12:14:21","date_gmt":"2024-05-08T10:14:21","guid":{"rendered":"http:\/\/klarotec.ch\/?page_id=104"},"modified":"2024-05-08T12:14:21","modified_gmt":"2024-05-08T10:14:21","slug":"dienstleistungen","status":"publish","type":"page","link":"http:\/\/klarotec.ch\/index.php\/dienstleistungen\/","title":{"rendered":"Dienstleistungen"},"content":{"rendered":"\n<figure class=\"wp-block-image size-full logo_gross\"><img loading=\"lazy\" decoding=\"async\" width=\"1001\" height=\"311\" src=\"http:\/\/klarotec.ch\/wp-content\/uploads\/2024\/04\/klarotec_banner.png\" alt=\"\" class=\"wp-image-8\" srcset=\"http:\/\/klarotec.ch\/wp-content\/uploads\/2024\/04\/klarotec_banner.png 1001w, http:\/\/klarotec.ch\/wp-content\/uploads\/2024\/04\/klarotec_banner-300x93.png 300w, http:\/\/klarotec.ch\/wp-content\/uploads\/2024\/04\/klarotec_banner-768x239.png 768w\" sizes=\"auto, (max-width: 1001px) 100vw, 1001px\" \/><\/figure>\n\n\n\n<div class=\"wp-block-group inhalt\"><div class=\"wp-block-group__inner-container is-layout-constrained wp-block-group-is-layout-constrained\">\n<h1 class=\"wp-block-heading\">Dienstleistungen<\/h1>\n\n\n\n<p>Es gibt Arbeiten, die geh\u00f6ren ausschlie\u00dflich in die Hand von spezialisierten Fachbetrieben. Die Asbestsanierung geh\u00f6rt ohne jeden Zweifel dazu. Werden bei der Asbestsanierung die strengen gesetzlichen Bestimmungen nicht beachtet, droht eine Asbestverseuchung der unmittelbar betroffenen Bereiche sowie anliegender R\u00e4ume. Auch der Schutz der Gesundheit, der mit der Asbestsanierung betrauten Mitarbeiter erfordert strenge Sicherheitsvorkehrungen sowie eine regelm\u00e4\u00dfige Kontrolle.<br><br>Alle unsere Fachkr\u00e4fte bilden sich regelm\u00e4\u00dfig weiter und verf\u00fcgen \u00fcber den SUVA-Nachweis, der von den Eidgen\u00f6ssische Koordinationskommission f\u00fcr Arbeitssicherheit EKAS vorgeschrieben ist.<\/p>\n\n\n\n<h2 class=\"wp-block-heading\">Analyse<\/h2>\n\n\n\n<p>Mit einer Asbestuntersuchung k\u00f6nnen Sie feststellen lassen, ob sich Asbest in Ihrer unmittelbaren Umgebung oder in bestimmten Materialien befindet. Sie k\u00f6nnen sich zwischen einer Materialprobe oder einer Staubprobe entscheiden.<br><br>Diese Vorteile bieten wir Ihnen:<br><br>&#8211; Spezialisten untersuchen Ihre Staub- oder Materialprobe<br>&#8211; schnelle Analyse im zugelassenen Asbest-Labor<br>&#8211; genaue Ergebnisse durch modernste Technik<br>&#8211; \u00fcbersichtliche und leicht verst\u00e4ndliche Analyse-Ergebnisse<br>&#8211; g\u00fcnstige Preise f\u00fcr hochwertige Analysen<\/p>\n\n\n\n<h2 class=\"wp-block-heading\">Beratung<\/h2>\n\n\n\n<p>Eine umfassende Beratung erh\u00f6ht den Wert unserer Leistungen. Wir sind in der Lage, preisliche und technische Alternativen anzubieten. Sie k\u00f6nnen sich Ihre Vorzugsvariante nicht so richtig vorstellen? Wir erstellen Ihnen gern ein Muster als Grundlage f\u00fcr Ihre Entscheidung.<br><br>Unterst\u00fctzung bei Planung\/Ausschreibung ben\u00f6tigt? Kein Problem, rufen Sie einfach an!<\/p>\n\n\n\n<h2 class=\"wp-block-heading\">Abl\u00e4ufe<\/h2>\n\n\n\n<p>Auf Wunsch f\u00fchren wir ab einer Teilnehmergruppe von ca. 3 Personen, bei Ihnen vor Ort gerne einen Vortrag, ein Seminar oder eine Schulung zu Themen aus dem Gebiet Geb\u00e4udesanierung bei T\u00e4tigkeiten mit Gefahrstoffen durch. Der Ablauf und die Inhalte der Schulung werden individuell auf Ihre Bed\u00fcrfnisse abgestimmt.<br><br>Voraussetzung ist die genaue Bestimmung des Schadstoffes durch ein zugelassenes Labor. Dementsprechend wird durch uns ein detailliertes Sanierungskonzept erstellt und zur Pr\u00fcfung an die zust\u00e4ndigen Beh\u00f6rden eingereicht.<br>Zu beachten sind hierbei die Kantonalen, St\u00e4dtischen Bestimmungen.<br><br>Bestandteile dieses Sanierungskonzeptes sind:<br><br>&#8211; Zonenpl\u00e4ne, gezeichnet:<br>&nbsp;&nbsp;&nbsp;&nbsp;&nbsp;&nbsp;&nbsp;&nbsp;Bereich der Sanierungszonen<br>&nbsp;&nbsp;&nbsp;&nbsp;&nbsp;&nbsp;&nbsp;&nbsp;Lage der Schadstoffe<br>&nbsp;&nbsp;&nbsp;&nbsp;&nbsp;&nbsp;&nbsp;&nbsp;Standort der Unterdruckhalteger\u00e4te<br>&nbsp;&nbsp;&nbsp;&nbsp;&nbsp;&nbsp;&nbsp;&nbsp;Standort der Duscheinheit mit Wassermanager und Abwasserfeinfilter<br>&nbsp;&nbsp;&nbsp;&nbsp;&nbsp;&nbsp;&nbsp;&nbsp;Frischluftzufuhr \/ Frischluftklappen<br>&nbsp;&nbsp;&nbsp;&nbsp;&nbsp;&nbsp;&nbsp;&nbsp;Abluft<br><br>&#8211; Berechnungen des Rauminhaltes<br>&#8211; Berechnung der Frischluftmenge \/ Luftaustausch<br>&#8211; Berechnung der Unterdruckhalteger\u00e4te<br><br>Arbeits- und Entsorgungspl\u00e4ne werden erstellt,<br>Vorarbeiter und Personal wird benannt,<br>Schutzausr\u00fcstung der Sanierer wird festgelegt, insbesondere die Art der Maske<br>und den dazugeh\u00f6rigen Filtern,<br>Festlegung mit welchen Werkzeugen die Sanierung und Reinigung erfolgen muss,<br>Art der Verpackung und der gesamte Entsorgungsweg der Schadstoffe wird festgelegt,<br>Anzahl und Lage der Raumluftkontrollmessungen werden vom zust\u00e4ndigen Pr\u00fcflabor in einem gesonderten Messkonzept bestimmt<\/p>\n\n\n\n<h2 class=\"wp-block-heading\">Technik<\/h2>\n\n\n\n<p>Asbestsanierung &#8211; Brandschutzt\u00fcren, Brandschutzelemente im genutzten Geb\u00e4uden.<br><br>Brandschutz mit Glas- und Wandanschlussdichtungen aus Asbest stellen eine grosse gesundheitliche Gef\u00e4hrdung dar. Die st\u00e4ndigen Ersch\u00fctterungen durch die Bewegungen der T\u00fcrbeg\u00fcnstigen die Freisetzung lungeng\u00e4niger Asbestfasern.<br><br>Wir k\u00f6nnen sofort Abhilfe schaffen.<br><br>Alle Verbindungen zwischen Wand und T\u00fcrrahmen sowie Glas und Rahmen werden mit einem Spezial-Vakuumsauger der Filterklasse H13 abgesaugt.<br>Die genannten Verbindungen werden von allen Anhaftungen wie Fetten und Fingerabdr\u00fccken gereinigt.<br>Zur dauerhaften Asbestversiegelung wird transparentes oder auch farbiges Silikon eingebracht und gegl\u00e4ttet.<\/p>\n<\/div><\/div>\n","protected":false},"excerpt":{"rendered":"<p>Dienstleistungen Es gibt Arbeiten, die geh\u00f6ren ausschlie\u00dflich in die Hand von spezialisierten Fachbetrieben. Die Asbestsanierung geh\u00f6rt ohne jeden Zweifel dazu. Werden bei der Asbestsanierung die strengen gesetzlichen Bestimmungen nicht beachtet, droht eine Asbestverseuchung der unmittelbar betroffenen Bereiche sowie anliegender R\u00e4ume. Auch der Schutz der Gesundheit, der mit der Asbestsanierung betrauten Mitarbeiter erfordert strenge Sicherheitsvorkehrungen sowie [&#8230;]\n","protected":false},"author":1,"featured_media":0,"parent":0,"menu_order":0,"comment_status":"closed","ping_status":"closed","template":"","meta":{"footnotes":""},"class_list":["post-104","page","type-page","status-publish","hentry"],"_links":{"self":[{"href":"http:\/\/klarotec.ch\/index.php\/wp-json\/wp\/v2\/pages\/104","targetHints":{"allow":["GET"]}}],"collection":[{"href":"http:\/\/klarotec.ch\/index.php\/wp-json\/wp\/v2\/pages"}],"about":[{"href":"http:\/\/klarotec.ch\/index.php\/wp-json\/wp\/v2\/types\/page"}],"author":[{"embeddable":true,"href":"http:\/\/klarotec.ch\/index.php\/wp-json\/wp\/v2\/users\/1"}],"replies":[{"embeddable":true,"href":"http:\/\/klarotec.ch\/index.php\/wp-json\/wp\/v2\/comments?post=104"}],"version-history":[{"count":1,"href":"http:\/\/klarotec.ch\/index.php\/wp-json\/wp\/v2\/pages\/104\/revisions"}],"predecessor-version":[{"id":105,"href":"http:\/\/klarotec.ch\/index.php\/wp-json\/wp\/v2\/pages\/104\/revisions\/105"}],"wp:attachment":[{"href":"http:\/\/klarotec.ch\/index.php\/wp-json\/wp\/v2\/media?parent=104"}],"curies":[{"name":"wp","href":"https:\/\/api.w.org\/{rel}","templated":true}]}}